{"id":76,"date":"2025-03-13T12:40:15","date_gmt":"2025-03-13T11:40:15","guid":{"rendered":"https:\/\/communikquipeut.com\/?page_id=76"},"modified":"2025-08-01T09:59:57","modified_gmt":"2025-08-01T07:59:57","slug":"parcours","status":"publish","type":"page","link":"https:\/\/communikquipeut.com\/index.php\/parcours\/","title":{"rendered":"Parcours"},"content":{"rendered":"\n<div class=\"wp-block-group alignfull has-global-padding is-layout-constrained wp-container-core-group-is-layout-2cf2e7c2 wp-block-group-is-layout-constrained\" style=\"padding-top:0;padding-right:var(--wp--preset--spacing--50);padding-bottom:0;padding-left:var(--wp--preset--spacing--50)\">\n<div class=\"wp-block-group has-global-padding is-layout-constrained wp-container-core-group-is-layout-650790e1 wp-block-group-is-layout-constrained\">\n<h1 class=\"wp-block-heading has-text-align-center has-x-large-font-size\">une passion, <br>au service de votre communication.<\/h1>\n\n\n\n<div style=\"height:1.25rem\" aria-hidden=\"true\" class=\"wp-block-spacer\"><\/div>\n\n\n\n<p class=\"has-text-align-center has-small-font-size\"><em><strong>\u00c0 la recherche d&#8217;une partenaire passionn\u00e9e pour booster votre communication ?<\/strong><\/em><\/p>\n\n\n\n<div style=\"height:1.25rem\" aria-hidden=\"true\" class=\"wp-block-spacer\"><\/div>\n\n\n\n<div class=\"wp-block-buttons is-content-justification-center is-layout-flex wp-container-core-buttons-is-layout-a89b3969 wp-block-buttons-is-layout-flex\">\n<div class=\"wp-block-button\"><a class=\"wp-block-button__link wp-element-button\">Mes r\u00e9alisations<\/a><\/div>\n<\/div>\n<\/div>\n<\/div>\n\n\n\n<div class=\"wp-block-group alignfull has-base-2-background-color has-background has-global-padding is-layout-constrained wp-container-core-group-is-layout-f6cc5ae6 wp-block-group-is-layout-constrained\" style=\"margin-top:0;margin-bottom:0;padding-top:var(--wp--preset--spacing--30);padding-right:var(--wp--preset--spacing--50);padding-bottom:var(--wp--preset--spacing--30);padding-left:var(--wp--preset--spacing--50)\">\n<div class=\"wp-block-group is-vertical is-content-justification-center is-layout-flex wp-container-core-group-is-layout-52b864f0 wp-block-group-is-layout-flex\">\n<h2 class=\"wp-block-heading has-text-align-center is-style-asterisk\">Ne cherchez plus, vous \u00eates au bon endroit !<\/h2>\n\n\n\n<div style=\"height:0px\" aria-hidden=\"true\" class=\"wp-block-spacer wp-container-content-4f2ccadb\"><\/div>\n\n\n\n<p class=\"has-text-align-center\">Je m&#8217;appelle Lauriane, <strong>experte en communication visuelle et strat\u00e9gique<\/strong>, j&#8217;accompagne les entreprises dans la cr\u00e9ation de supports impactants. <br><strong><mark style=\"background-color:rgba(0, 0, 0, 0)\" class=\"has-inline-color has-custom-orange-color\">Mon objectif ? Vous aider \u00e0 propulser votre activit\u00e9 gr\u00e2ce \u00e0 une identit\u00e9 forte et une strat\u00e9gie digitale efficace.<\/mark><\/strong><\/p>\n<\/div>\n\n\n\n<div style=\"margin-top:0;margin-bottom:0;height:var(--wp--preset--spacing--40)\" aria-hidden=\"true\" class=\"wp-block-spacer\"><\/div>\n\n\n\n<div class=\"wp-block-columns alignwide is-layout-flex wp-container-core-columns-is-layout-d0bbbce0 wp-block-columns-is-layout-flex\">\n<div class=\"wp-block-column is-layout-flow wp-container-core-column-is-layout-e3d1c41b wp-block-column-is-layout-flow\">\n<h3 class=\"wp-block-heading has-text-align-left is-style-asterisk has-body-font-family has-medium-font-size\" style=\"font-style:normal;font-weight:600\">Un parcours solide et une expertise reconnue<\/h3>\n\n\n\n<p class=\"has-text-align-left\">Passionn\u00e9e par <strong>la communication et le marketing<\/strong>, j&#8217;ai d\u00e9velopp\u00e9 mes comp\u00e9tences \u00e0 travers un parcours acad\u00e9mique enrichissant :<\/p>\n\n\n\n<ul class=\"wp-block-list\">\n<li><strong>Dipl\u00f4m\u00e9e en Communication et Marketing Strat\u00e9gique<\/strong> : une base essentielle pour comprendre les enjeux des marques et des entreprises.<\/li>\n<\/ul>\n\n\n\n<ul class=\"wp-block-list\">\n<li><strong>Certification en R\u00e9f\u00e9rencement Web (SEO\/SEA)<\/strong> : une expertise pointue pour am\u00e9liorer votre visibilit\u00e9 en ligne et optimiser votre positionnement sur Google.<\/li>\n<\/ul>\n\n\n\n<ul class=\"wp-block-list\">\n<li><strong>Formation en Conception Graphique et Design Digital<\/strong> : une ma\u00eetrise des outils cr\u00e9atifs pour donner vie \u00e0 des visuels attractifs et engageants.<\/li>\n<\/ul>\n<\/div>\n\n\n\n<div class=\"wp-block-column is-layout-flow wp-container-core-column-is-layout-e3d1c41b wp-block-column-is-layout-flow\">\n<h3 class=\"wp-block-heading has-text-align-left is-style-asterisk has-body-font-family has-medium-font-size\" style=\"font-style:normal;font-weight:600\">5 ann\u00e9es d\u2019exp\u00e9rience en freelance : un accompagnement personnalis\u00e9<\/h3>\n\n\n\n<p class=\"has-text-align-left\">Depuis cinq ann\u00e9es inspirantes, <strong>j&#8217;accompagne les entrepreneurs, TPE et PME dans leur strat\u00e9gie de communication<\/strong>. Mon savoir-faire me permet de proposer des solutions adapt\u00e9es aux besoins sp\u00e9cifiques de chaque entreprise :<\/p>\n\n\n\n<ul class=\"wp-block-list\">\n<li><strong>Cr\u00e9ation de logos &amp; chartes graphiques<\/strong> : une identit\u00e9 visuelle unique et m\u00e9morisable.<\/li>\n<\/ul>\n\n\n\n<ul class=\"wp-block-list\">\n<li><strong>Conception de supports marketing (plaquettes, flyers, affiches, etc.)<\/strong> : des outils de communication percutants.<\/li>\n<\/ul>\n\n\n\n<ul class=\"wp-block-list\">\n<li><strong>Gestion et animation des r\u00e9seaux sociaux <\/strong>: des contenus engageants pour une audience fid\u00e8le et active.<\/li>\n<\/ul>\n\n\n\n<ul class=\"wp-block-list\">\n<li><strong>Optimisation SEO &amp; R\u00e9daction Web<\/strong> : des textes pens\u00e9s pour le r\u00e9f\u00e9rencement naturel et la conversion.<\/li>\n<\/ul>\n\n\n\n<ul class=\"wp-block-list\">\n<li><strong>R\u00e9alisation de newsletters et campagnes emailing<\/strong> : pour maintenir un lien fort avec votre audience.<\/li>\n<\/ul>\n<\/div>\n\n\n\n<div class=\"wp-block-column is-layout-flow wp-container-core-column-is-layout-e3d1c41b wp-block-column-is-layout-flow\">\n<h3 class=\"wp-block-heading has-text-align-left is-style-asterisk has-body-font-family has-medium-font-size\" style=\"font-style:normal;font-weight:600\">Pourquoi faire confiance \u00e0 COMMUNIK QUI PEUT ?<\/h3>\n\n\n\n<p class=\"has-text-align-left\">Une expertise polyvalente : <strong>je ma\u00eetrise l&#8217;ensemble des outils et techniques de communication.<\/strong><\/p>\n\n\n\n<ul class=\"wp-block-list\">\n<li><strong>Une passion d\u00e9bordante<\/strong> : chaque projet est un d\u00e9fi que je rel\u00e8ve avec enthousiasme.<\/li>\n<\/ul>\n\n\n\n<ul class=\"wp-block-list\">\n<li><strong>Un engagement total<\/strong> : je travaille avec des entreprises qui partagent mes valeurs et ma vision.<\/li>\n<\/ul>\n\n\n\n<ul class=\"wp-block-list\">\n<li><strong>Des solutions adapt\u00e9es<\/strong> : que vous soyez une startup ou une entreprise confirm\u00e9e, je vous propose des strat\u00e9gies efficaces et \u00e9volutives.<\/li>\n<\/ul>\n<\/div>\n<\/div>\n\n\n\n<div style=\"height:var(--wp--preset--spacing--20)\" aria-hidden=\"true\" class=\"wp-block-spacer\"><\/div>\n<\/div>\n\n\n\n<div class=\"wp-block-group alignfull has-global-padding is-layout-constrained wp-container-core-group-is-layout-d89aad35 wp-block-group-is-layout-constrained\" style=\"margin-top:0;margin-bottom:0;padding-top:var(--wp--preset--spacing--50);padding-right:var(--wp--preset--spacing--50);padding-bottom:var(--wp--preset--spacing--50);padding-left:var(--wp--preset--spacing--50)\">\n<div class=\"wp-block-group alignwide has-global-padding is-layout-constrained wp-container-core-group-is-layout-19e250f3 wp-block-group-is-layout-constrained\">\n<div class=\"wp-block-group is-vertical is-content-justification-center is-layout-flex wp-container-core-group-is-layout-6329a8f3 wp-block-group-is-layout-flex\">\n<h2 class=\"wp-block-heading has-text-align-center is-style-asterisk\">Une approche cr\u00e9ative et orient\u00e9e r\u00e9sultats<\/h2>\n\n\n\n<p class=\"has-text-align-center\">Ma m\u00e9thode repose sur <strong>l&#8217;\u00e9coute<\/strong>, <strong>la personnalisation et la force de proposition<\/strong>. Chaque projet est une nouvelle aventure o\u00f9 je mets toute mon \u00e9nergie et ma cr\u00e9ativit\u00e9 pour atteindre vos objectifs. Je crois en <strong>l\u2019importance d\u2019une relation de confiance et d\u2019un accompagnement sur-mesure pour garantir le succ\u00e8s de votre communication.<\/strong><\/p>\n<\/div>\n<\/div>\n<\/div>\n\n\n\n<div class=\"wp-block-group alignfull has-base-color has-custom-orange-background-color has-text-color has-background has-global-padding is-layout-constrained wp-container-core-group-is-layout-1e3a208a wp-block-group-is-layout-constrained\" style=\"margin-top:0;margin-bottom:0;padding-top:var(--wp--preset--spacing--40);padding-right:var(--wp--preset--spacing--60);padding-bottom:var(--wp--preset--spacing--40);padding-left:var(--wp--preset--spacing--60)\">\n<div class=\"wp-block-group has-global-padding is-layout-constrained wp-block-group-is-layout-constrained\">\n<p class=\"has-text-align-center has-base-color has-text-color has-heading-font-family has-x-large-font-size\" style=\"line-height:1.2\"><em>Pr\u00eat \u00e0 booster votre communication ?<\/em><\/p>\n\n\n\n<p class=\"has-text-align-center\"><strong>Faites briller votre entreprise avec une strat\u00e9gie de communication percutante !<\/strong> <br>Contactez-moi d\u00e8s aujourd\u2019hui pour discuter de votre projet et ensemble : <strong>cr\u00e9ons votre succ\u00e8s !<\/strong><\/p>\n<\/div>\n<\/div>\n\n\n\n<div class=\"wp-block-group alignfull has-global-padding is-layout-constrained wp-container-core-group-is-layout-cb151cc7 wp-block-group-is-layout-constrained\" style=\"margin-top:0;margin-bottom:0;padding-top:0;padding-right:var(--wp--preset--spacing--50);padding-bottom:0;padding-left:var(--wp--preset--spacing--50)\">\n<div style=\"height:29px\" aria-hidden=\"true\" class=\"wp-block-spacer\"><\/div>\n\n\n\n<div class=\"wp-block-group alignwide has-base-2-background-color has-background has-global-padding is-layout-constrained wp-container-core-group-is-layout-39412042 wp-block-group-is-layout-constrained\" style=\"border-radius:16px;padding-top:var(--wp--preset--spacing--40);padding-right:var(--wp--preset--spacing--50);padding-bottom:var(--wp--preset--spacing--40);padding-left:var(--wp--preset--spacing--50)\">\n<div style=\"height:var(--wp--preset--spacing--10)\" aria-hidden=\"true\" class=\"wp-block-spacer\"><\/div>\n\n\n\n<h2 class=\"wp-block-heading has-text-align-center has-x-large-font-size\">Rejoignez plus de 400 abonn\u00e9s\/abonn\u00e9es<\/h2>\n\n\n\n<p class=\"has-text-align-center\">Restez au courant de tout ce que vous devez savoir.<\/p>\n\n\n\n<div class=\"wp-block-buttons is-content-justification-center is-layout-flex wp-container-core-buttons-is-layout-a89b3969 wp-block-buttons-is-layout-flex\">\n<div class=\"wp-block-button\"><a class=\"wp-block-button__link wp-element-button\" href=\"https:\/\/www.instagram.com\/communik_qui_peut\/?hl=fr\" target=\"_blank\" rel=\"noreferrer noopener\">Je me tiens au courant<\/a><\/div>\n<\/div>\n\n\n\n<div style=\"height:var(--wp--preset--spacing--10)\" aria-hidden=\"true\" class=\"wp-block-spacer\"><\/div>\n<\/div>\n<\/div>\n","protected":false},"excerpt":{"rendered":"<p>une passion, au service de votre communication. \u00c0 la recherche d&#8217;une partenaire passionn\u00e9e pour booster votre communication ? Ne cherchez plus, vous \u00eates au bon endroit ! Je m&#8217;appelle Lauriane, experte en communication visuelle et strat\u00e9gique, j&#8217;accompagne les entreprises dans la cr\u00e9ation de supports impactants. Mon objectif ? Vous aider \u00e0 propulser votre activit\u00e9 gr\u00e2ce [&hellip;]<\/p>\n","protected":false},"author":1,"featured_media":35,"parent":0,"menu_order":0,"comment_status":"closed","ping_status":"closed","template":"","meta":{"footnotes":""},"class_list":["post-76","page","type-page","status-publish","has-post-thumbnail","hentry"],"_links":{"self":[{"href":"https:\/\/communikquipeut.com\/index.php\/wp-json\/wp\/v2\/pages\/76","targetHints":{"allow":["GET"]}}],"collection":[{"href":"https:\/\/communikquipeut.com\/index.php\/wp-json\/wp\/v2\/pages"}],"about":[{"href":"https:\/\/communikquipeut.com\/index.php\/wp-json\/wp\/v2\/types\/page"}],"author":[{"embeddable":true,"href":"https:\/\/communikquipeut.com\/index.php\/wp-json\/wp\/v2\/users\/1"}],"replies":[{"embeddable":true,"href":"https:\/\/communikquipeut.com\/index.php\/wp-json\/wp\/v2\/comments?post=76"}],"version-history":[{"count":18,"href":"https:\/\/communikquipeut.com\/index.php\/wp-json\/wp\/v2\/pages\/76\/revisions"}],"predecessor-version":[{"id":221,"href":"https:\/\/communikquipeut.com\/index.php\/wp-json\/wp\/v2\/pages\/76\/revisions\/221"}],"wp:featuredmedia":[{"embeddable":true,"href":"https:\/\/communikquipeut.com\/index.php\/wp-json\/wp\/v2\/media\/35"}],"wp:attachment":[{"href":"https:\/\/communikquipeut.com\/index.php\/wp-json\/wp\/v2\/media?parent=76"}],"curies":[{"name":"wp","href":"https:\/\/api.w.org\/{rel}","templated":true}]}}